{"id":12500,"date":"2023-01-19T17:25:27","date_gmt":"2023-01-19T15:25:27","guid":{"rendered":"https:\/\/transfer.tuscanyall.com\/cookies-policy\/"},"modified":"2023-02-24T14:23:22","modified_gmt":"2023-02-24T13:23:22","slug":"cookies-policy","status":"publish","type":"page","link":"https:\/\/transfer.tuscanyall.com\/es\/cookies-policy\/","title":{"rendered":"POL\u00cdTICA DE COOKIES"},"content":{"rendered":"<div class=\"wpb-content-wrapper\"><p>[vc_row][vc_column][vc_column_text]<\/p>\r\n<h2 class=\"wp-block-heading\">Informaci\u00f3n sobre el uso de cookies<\/h2>\r\n<h3>Qu\u00e9 son las Cookies?<\/h3>\r\n<p>Las cookies son peque\u00f1as partes de texto (letras y\/o n\u00fameros) que permiten al servidor web almacenar informaci\u00f3n del cliente (navegador) para ser reutilizada durante la visita del sitio (cookies de sesi\u00f3n) o m\u00e1s tarde, incluso despu\u00e9s de varios d\u00edas (cookies persistentes).<\/p>\r\n<p>Las cookies son almacenadas dependiendo de las preferencias del usuario, empezando con la configuraci\u00f3n del navegador en el dispositivo espec\u00edfico utilizado (computador, tablet, smartphone).<\/p>\r\n<p>Tecnolog\u00edas similares, por ejemplo, balizas del web, transparencias GIF y todas las formas de almacenamiento local introducidas con HTML5, son utilizables para recopilar informaci\u00f3n sobre el comportamiento del usuario y sobre el uso de los servicios.<\/p>\r\n<p>M\u00e1s adelante en este documento nos referiremos a las cookies y a todas las tecnolog\u00edas similares utilizando simplemente la palabra \u00abcookie\u00bb.<\/p>\r\n<p><strong>Cookies propias:<\/strong>\u00a0son las cookies configuradas por el sitio web visitado por el usuario.<\/p>\r\n<p><strong>Cookies de terceros:<\/strong>\u00a0son las cookies configuradas por un dominio diferente al sitio web visitado por el usuario.<\/p>\r\n<p><strong>Cookies de sesi\u00f3n:<\/strong>\u00a0son las cookies activas durante una sesi\u00f3n del navegador. Permiten la conexi\u00f3n de todas las actividades realizadas por el usuario durante la sesi\u00f3n del navegador. Las cookies de sesi\u00f3n se eliminan cuando el navegador se cierra.<\/p>\r\n<p><strong>Cookies persistentes:\u00a0<\/strong>son las cookies que permanecen en el PC, incluso despu\u00e9s del final de la sesi\u00f3n de la navegaci\u00f3n. Se reactivan con cada visita posterior del sitio del cual provienen y permanecen durante un per\u00edodo m\u00e1s largo en el terminal del disco duro. Las cookies persistentes pueden permanecer en el computador durante d\u00edas, meses o incluso a\u00f1os.<\/p>\r\n<h3>Tipos de cookies utilizadas<\/h3>\r\n<p>A continuaci\u00f3n se presentan los distintos tipos de cookies utilizadas por este sitio dependiendo de la finalidad del uso:<\/p>\r\n<h3>Cookies t\u00e9cnicos estrictamente necesarias<\/h3>\r\n<p>Permiten el\u00a0<strong>correcto funcionamiento de algunas secciones del sitio<\/strong>. Son necesarias para ver correctamente el sitio, en relaci\u00f3n con los servicios t\u00e9cnicos ofrecidos. En el caso los cambios en la configuraci\u00f3n del navegador del usuario nieguen su recepci\u00f3n, afectar\u00e1 la correcta visualizaci\u00f3n de las p\u00e1ginas del sitio.<\/p>\r\n<p><strong>Este sitio utiliza cookies t\u00e9cnicas.<\/strong><\/p>\r\n<h3>Cookies de an\u00e1lisis y rendimiento<\/h3>\r\n<p>Se utilizan para recopilar informaci\u00f3n sobre el uso del sitio. Esta informaci\u00f3n se utiliza para el an\u00e1lisis estad\u00edstico an\u00f3nimo con el fin de mejorar el uso del Sitio y para hacer que el contenido sea m\u00e1s interesante y relevante de acuerdo a los intereses de los usuarios. Estos recogen datos an\u00f3nimos sobre la actividad de los usuarios.<\/p>\r\n<p><strong>Este sitio utiliza cookies anal\u00edticas.<\/strong><\/p>\r\n<h3>Cookies de personalizaci\u00f3n<\/h3>\r\n<p>Son aquellas cookies necesarias para crear perfiles de los usuarios con el fin de enviar material publicitarios en l\u00ednea con las preferencias expresadas por el usuario dentro de las p\u00e1ginas del sitio.<\/p>\r\n<p><strong>Este sitio no utiliza cookies de personalizaci\u00f3n.<\/strong><\/p>\r\n<h3>Cookies de terceros<\/h3>\r\n<h4>Plugins Sociales<\/h4>\r\n<p>En el sitio pueden ser utilizados \u00abplugins sociales\u00bb para Facebook, Twitter, Google+, LinkedIn y TripAdvisor.<\/p>\r\n<p>La presencia de \u00abplugins sociales\u00bb para Facebook, Twitter, Google+ y LinkedIn y TripAdvisor implica la transmisi\u00f3n de cookies desde y hacia todos los sitios administrados por terceros. La gesti\u00f3n de la informaci\u00f3n recogida por \u00abterceros\u00bb se rige por las normativas que se pide sean revisadas. Para garantizar una mayor transparencia y conveniencia, se presentan a continuaci\u00f3n las direcciones web de diferentes normativas y formas de gestionar las cookies.<\/p>\r\n<p>Normativa Facebook:\u00a0<a href=\"https:\/\/www.facebook.com\/help\/cookies\/\" target=\"_blank\" rel=\"noopener\">https:\/\/www.facebook.com\/help\/cookies\/<\/a><br \/>Facebook (configuraci\u00f3n): acceder a su cuenta. Secci\u00f3n privacidad.<br \/>Normativa Twitter:\u00a0<a href=\"https:\/\/support.twitter.com\/articles\/20170514\" target=\"_blank\" rel=\"noopener\">https:\/\/support.twitter.com\/articles\/20170514<\/a><br \/>Twitter (configuraci\u00f3n):\u00a0<a href=\"https:\/\/twitter.com\/settings\/security\" target=\"_blank\" rel=\"noopener\">https:\/\/twitter.com\/settings\/security<\/a><br \/>Normativa Linkedin:\u00a0<a href=\"https:\/\/www.linkedin.com\/legal\/cookie-policy\" target=\"_blank\" rel=\"noopener\">https:\/\/www.linkedin.com\/legal\/cookie-policy<\/a><br \/>Linkedin (configuraci\u00f3n):\u00a0<a href=\"https:\/\/www.linkedin.com\/settings\/\" target=\"_blank\" rel=\"noopener\">https:\/\/www.linkedin.com\/settings\/<\/a><br \/>Normativa Google+:\u00a0<a href=\"https:\/\/www.google.com\/intl\/en\/policies\/technologies\/cookies\/\" target=\"_blank\" rel=\"noopener\">https:\/\/www.google.com\/intl\/en\/policies\/technologies\/cookies\/<\/a><br \/>Google+ (configuraci\u00f3n):\u00a0<a href=\"https:\/\/www.google.com\/intl\/en\/policies\/technologies\/managing\/\" target=\"_blank\" rel=\"noopener\">https:\/\/www.google.com\/intl\/en\/policies\/technologies\/managing\/<\/a><br \/>Normativa Tripadvisor:\u00a0<a href=\"http:\/\/www.tripadvisor.com\/pages\/privacy.html\" target=\"_blank\" rel=\"noopener\">http:\/\/www.tripadvisor.com\/pages\/privacy.html<\/a><\/p>\r\n<h4>Google Analytics<\/h4>\r\n<p>En el sitio pueden ser utilizadas cookies de Google Analytics.<\/p>\r\n<p>Google Analytics utiliza \u00abcookies\u00bb para recoger y analizar de forma an\u00f3nima, informaci\u00f3n sobre la interacci\u00f3n de los usuarios con el sitio web (incluyendo la direcci\u00f3n IP del usuario). Esta informaci\u00f3n es recogida y procesada por Google Analytics con el fin de elaborar un informe an\u00f3nimo sobre las actividades en los propios sitios web.<\/p>\r\n<p>Este sitio no utiliza (y no permiten que terceros utilicen) la herramienta de an\u00e1lisis de Google para rastrear o recoger informaci\u00f3n de identificaci\u00f3n personal.<\/p>\r\n<p>Google no asociar\u00e1 la direcci\u00f3n IP con ning\u00fan otro dato del que disponga Google ni tratar\u00e1 de vincular una direcci\u00f3n IP con la identidad de un usuario. Google tambi\u00e9n puede comunicar esta informaci\u00f3n a terceros a menos que sea requerido por la ley o cuando dichos terceros procesen la informaci\u00f3n por cuenta de Google.<\/p>\r\n<p>Para obtener mayor informaci\u00f3n, consulta los enlaces siguientes:<br \/><a href=\"https:\/\/www.google.com\/policies\/privacy\/partners\/\" target=\"_blank\" rel=\"noopener\">https:\/\/www.google.com\/policies\/privacy\/partners\/<\/a><br \/><a href=\"https:\/\/www.google.com\/intl\/en\/policies\/technologies\/cookies\/\" target=\"_blank\" rel=\"noopener\">https:\/\/www.google.com\/intl\/en\/policies\/technologies\/cookies\/<\/a><\/p>\r\n<p>El usuario puede desactivar de manera selectiva la acci\u00f3n de Google Analytics instalando en su propio navegador la componente opt-out proporcionada por Google. Para desactivar la acci\u00f3n de Google Analytics, por favor consulta el siguiente enlace:<br \/><a href=\"https:\/\/tools.google.com\/dlpage\/gaoptout\/\" target=\"_blank\" rel=\"noopener\">https:\/\/tools.google.com\/dlpage\/gaoptout\/<\/a><\/p>\r\n<h4>YouTube<\/h4>\r\n<p>En el sitio pueden encontrarse videos presentes en YouTube.<\/p>\r\n<p>Estos videos, cuando son vistos, instalan cookies de terceros en el computador o en el dispositivo m\u00f3vil pertenecientes al dominio de YouTube, con el fin de mejorar la capacidad de reproducci\u00f3n del v\u00eddeo y recopilar informaci\u00f3n en formato an\u00f3nimo del video visto por el usuario.<br \/>La finalidad de estas cookies se describe en la normativa sobre el uso de cookies por parte de Google:<\/p>\r\n<p><a href=\"https:\/\/www.google.com\/intl\/en\/policies\/technologies\/cookies\/\" target=\"_blank\" rel=\"noopener\">https:\/\/www.google.com\/intl\/en\/policies\/technologies\/cookies\/<\/a><\/p>\r\n<h4>Google Maps<\/h4>\r\n<p>En el sitio pueden encontrarse Mapas de \u00abGoogle Maps\u00bb.<\/p>\r\n<p>Estos mapas, cuando son vistos, instalan cookies de terceros en el computador o en el dispositivo m\u00f3vil pertenecientes al dominio de Google.<br \/>La finalidad de estas cookies se describe en la normativa sobre el uso de cookies por parte de Google:<\/p>\r\n<p><a href=\"https:\/\/www.google.com\/intl\/en\/policies\/technologies\/cookies\/\" target=\"_blank\" rel=\"noopener\">https:\/\/www.google.com\/intl\/en\/policies\/technologies\/cookies\/<\/a><\/p>\r\n<h3>Administraci\u00f3n de Cookies<\/h3>\r\n<p>El usuario puede decidir si aceptar o no las cookies a trav\u00e9s de la configuraci\u00f3n de su propio\u00a0<i>navegador<\/i>.<\/p>\r\n<p><strong>Advertencia:<\/strong>\u00a0la desactivaci\u00f3n total o parcial de las cookies t\u00e9cnicas puede comprometer la funcionalidad del sitio de los usuarios registrados. Por el contrario, la navegaci\u00f3n en contenidos p\u00fablicos es posible incluso si las cookies est\u00e1n desactivadas.<\/p>\r\n<p>La desactivaci\u00f3n de las cookies de \u00abterceros\u00bb no perjudica de ninguna manera la navegaci\u00f3n.<\/p>\r\n<p>La configuraci\u00f3n puede ser definida de manera espec\u00edfica para los distintos sitios y aplicaciones web. Adem\u00e1s los mejores navegadores permiten definir las distintas configuraciones de las cookies \u00abpropias\u00bb y de \u00abterceros\u00bb.<\/p>\r\n<h4 class=\"list\">Chrome<\/h4>\r\n<ol type=\"1\">\r\n<li>Abre el navegador Chrome<\/li>\r\n<li>Haz click en el men\u00fa de la barra de herramientas del navegador junto a la ventana de navegaci\u00f3n url<\/li>\r\n<li>Selecciona la\u00a0<strong>Configuraci\u00f3n<\/strong><\/li>\r\n<li>Haz click en\u00a0<strong>Mostrar Configuraci\u00f3n Avanzada<\/strong><\/li>\r\n<li>En la secci\u00f3n \u00abprivacidad\u00bb, haz click en\u00a0<strong>\u00abConfiguraci\u00f3n del contenido\u00bb<\/strong><\/li>\r\n<li>En la secci\u00f3n \u00abCookies\u00bb es posible modificar las siguientes configuraciones de las cookies:<br \/>\r\n<ul class=\"sub\">\r\n<li>Permitir que los datos sean grabados a nivel local<\/li>\r\n<li>Modificar los datos locales solo con el cierre del navegador<\/li>\r\n<li>No permitir a los sitios web que instalen cookies<\/li>\r\n<li>Bloquear las cookies de terceros y de los datos del sitio<\/li>\r\n<li>Administrar las excepciones para algunos sitios de Internet<\/li>\r\n<li>Eliminar una o todas las cookies<\/li>\r\n<\/ul>\r\n<\/li>\r\n<\/ol>\r\n<p>Para obtener mayor informaci\u00f3n, visita la siguiente p\u00e1gina:<br \/><a href=\"https:\/\/support.google.com\/accounts\/answer\/61416?hl=en\" target=\"_blank\" rel=\"noopener\">https:\/\/support.google.com\/accounts\/answer\/61416?hl=en<\/a><\/p>\r\n<h4>Mozilla Firefox<\/h4>\r\n<ol type=\"1\">\r\n<li>Abre el navegador Mozilla Firefox<\/li>\r\n<li>Haz click en el men\u00fa de la barra de herramientas del navegador junto a la ventana de entrada de navegaci\u00f3n url<\/li>\r\n<li>Selecciona\u00a0<strong>Opciones<\/strong><\/li>\r\n<li>Selecciona la secci\u00f3n de\u00a0<strong>Privacidad<\/strong><\/li>\r\n<li>Haz click en\u00a0<strong>Mostrar Configuraci\u00f3n Avanzada<\/strong><\/li>\r\n<li>En la secci\u00f3n \u00abprivacidad\u00bb, haz click en\u00a0<strong>\u00abConfiguraci\u00f3n del contenido\u00bb<\/strong><\/li>\r\n<li>En la secci\u00f3n\u00a0<strong>\u00abSeguimiento\u00bb<\/strong>\u00a0es posible modificar las siguientes configuraciones de las cookies:<br \/>\r\n<ul class=\"sub\">\r\n<li>Solicitar a los sitios de no hacer ning\u00fan seguimiento<\/li>\r\n<li>Comunicar a los sitios la disponibilidad para seguido<\/li>\r\n<li>No comunicar ninguna preferencia sobre el seguimiento de datos personales<\/li>\r\n<\/ul>\r\n<\/li>\r\n<li>8. Desde la\u00a0<strong>\u00abCronolog\u00eda\u00bb<\/strong>\u00a0es posible:<br \/>\r\n<ul class=\"sub\">\r\n<li>Habilitar \u00abUsar configuraciones personalizadas\u00bb seleccionar aceptar cookies de terceros (siempre, desde los sitios m\u00e1s visitados o nunca) y conservar durante un per\u00edodo determinado (hasta su vencimiento, hasta el cierre de Firefox o preguntar cada vez)<\/li>\r\n<li>Eliminar las cookies individuales almacenadas<\/li>\r\n<\/ul>\r\n<\/li>\r\n<\/ol>\r\n<p>Para obtener mayor informaci\u00f3n, visita la siguiente p\u00e1gina:<br \/><a href=\"https:\/\/support.mozilla.org\/en-US\/kb\/enable-and-disable-cookies-website-preferences\" target=\"_blank\" rel=\"noopener\">https:\/\/support.mozilla.org\/en-US\/kb\/enable-and-disable-cookies-website-preferences<\/a><\/p>\r\n<h4>Internet Explorer<\/h4>\r\n<ol type=\"1\">\r\n<li>Abre el navegador Internet Explorer<\/li>\r\n<li>Haz click en\u00a0<strong>Herramientas<\/strong>\u00a0y selecciona\u00a0<strong>Opciones de Internet<\/strong><\/li>\r\n<li>Haz click en\u00a0<strong>Privacidad<\/strong>, en la secci\u00f3n de Configuraci\u00f3n modificar el control deslizante de acuerdo de la acci\u00f3n deseada para las cookies:<br \/>\r\n<ul class=\"sub\">\r\n<li>Bloquear todas las cookies<\/li>\r\n<li>Permitir todas las cookies<\/li>\r\n<li>Selecci\u00f3n de los sitios de donde obtener cookies: mueve el cursor en una posici\u00f3n intermedia con el fin de no bloquear o permitir todas las cookies, luego haz click en los Sitios, en la casilla Direcci\u00f3n del sitio Web inserta un sitio internet y luego presiona Bloquear o Permitir<\/li>\r\n<\/ul>\r\n<\/li>\r\n<\/ol>\r\n<p>Para obtener mayor informaci\u00f3n, visita la siguiente p\u00e1gina:<br \/><a href=\"http:\/\/windows.microsoft.com\/en-us\/windows-vista\/block-or-allow-cookies\" target=\"_blank\" rel=\"noopener\">http:\/\/windows.microsoft.com\/en-us\/windows-vista\/block-or-allow-cookies<\/a><\/p>\r\n<h4>Safari 6<\/h4>\r\n<ol type=\"1\">\r\n<li>Abre el navegador Safari<\/li>\r\n<li>Haz click en\u00a0<strong>Safari<\/strong>, selecciona\u00a0<strong>Preferencias<\/strong>\u00a0y selecciona\u00a0<strong>Privacidad<\/strong><\/li>\r\n<li>En la secci\u00f3n\u00a0<i>Bloquear Cookies<\/i>\u00a0especifica c\u00f3mo Safari debe aceptar las cookies de los sitios web<\/li>\r\n<li>Con el fin de ver qu\u00e9 sitios han almacenado las cookies, haz click en\u00a0<strong>Detalles<\/strong><\/li>\r\n<\/ol>\r\n<p>Para obtener mayor informaci\u00f3n, visita la siguiente p\u00e1gina:<br \/><a href=\"https:\/\/support.apple.com\/kb\/PH17191?locale=en_US\" target=\"_blank\" rel=\"noopener\">https:\/\/support.apple.com\/kb\/PH17191?locale=en_US<\/a><\/p>\r\n<h4>Safari iOS (dispositivos m\u00f3viles)<\/h4>\r\n<ol type=\"1\">\r\n<li>Abre el navegador Safari iOS<\/li>\r\n<li>Haz click en\u00a0<strong>Configuraci\u00f3n<\/strong>\u00a0y luego en\u00a0<strong>Safari<\/strong><\/li>\r\n<li>Haz click en\u00a0<strong>Bloquear las cookies<\/strong>\u00a0y elige entre las varias opciones: \u00abNunca\u00bb, \u00abterceros y anunciantes\u00bb o \u00abSiempre\u00bb<\/li>\r\n<li>Para borrar todas las cookies almacenadas por Safari, haz click en\u00a0<strong>Configuraci\u00f3n<\/strong>, luego en Safari, y, finalmente en\u00a0<strong>Eliminar cookies y datos<\/strong><\/li>\r\n<\/ol>\r\n<p>Para obtener mayor informaci\u00f3n, visita la siguiente p\u00e1gina:<br \/><a href=\"https:\/\/support.apple.com\/en-us\/HT201265\" target=\"_blank\" rel=\"noopener\">https:\/\/support.apple.com\/en-us\/HT201265<\/a><\/p>\r\n<h4>Opera<\/h4>\r\n<ol type=\"1\">\r\n<li>Abre el navegador Opera<\/li>\r\n<li>Haz click en\u00a0<strong>Preferencias y luego en Avanzadas<\/strong>\u00a0y finalmente en Cookies<\/li>\r\n<li>Selecciona una de las siguientes opciones:<br \/>\r\n<ul class=\"sub\">\r\n<li>Aceptar todas las cookies<\/li>\r\n<li>Aceptar cookies s\u00f3lo del sitio que se visita: las cookies de terceros y aquellas que son enviadas desde un dominio distinto del que se est\u00e1 visitando, ser\u00e1n rechazadas<\/li>\r\n<li>No aceptar nunca las cookies: las cookies no son guardadas nunca<\/li>\r\n<\/ul>\r\n<\/li>\r\n<\/ol>\r\n<p>Para obtener mayor informaci\u00f3n, visita la siguiente p\u00e1gina:<br \/><a class=\"textEditor-link\" href=\"https:\/\/help.opera.com\/en\/latest\/web-preferences\/#cookies\" target=\"_blank\" rel=\"nofollow noopener noreferrer\" data-is-link=\"https:\/\/help.opera.com\/en\/latest\/web-preferences\/#cookies\">https:\/\/help.opera.com\/en\/latest\/web-preferences\/#cookies<\/a><\/p>\r\n<p>&nbsp;<\/p>\r\n<p>Esta p\u00e1gina es visible a trav\u00e9s de un link en la parte inferior de todas las p\u00e1ginas del sitio, de conformidad con el art. 122 seg\u00fan el p\u00e1rrafo del Decreto Legislativo n. 196\/2003 y siguiendo los procedimientos de informaci\u00f3n simplificada para la normativa y adquisici\u00f3n de consentimiento para el uso de cookies publicados en la Gaceta Oficial n.126 del 3 de Junio del 2014 y su registro relativo a las medidas n. 229 del 8 de Mayo del 2014.<\/p>\r\n<p>[\/vc_column_text][\/vc_column][\/vc_row]<\/p><\/div>","protected":false},"excerpt":{"rendered":"<p>[vc_row][vc_column][vc_column_text] Informaci\u00f3n sobre el uso de cookies Qu\u00e9 son las Cookies? Las cookies son peque\u00f1as partes de texto (letras y\/o n\u00fameros) que permiten al servidor web almacenar informaci\u00f3n del cliente (navegador) para ser reutilizada durante la visita del sitio (cookies de sesi\u00f3n) o m\u00e1s tarde, incluso despu\u00e9s de varios d\u00edas (cookies persistentes). Las cookies son [&#8230;]<\/p>\n","protected":false},"author":1,"featured_media":0,"parent":0,"menu_order":0,"comment_status":"closed","ping_status":"closed","template":"","meta":{"footnotes":""},"class_list":["post-12500","page","type-page","status-publish","hentry"],"yoast_head":"<!-- This site is optimized with the Yoast SEO plugin v26.4 - https:\/\/yoast.com\/wordpress\/plugins\/seo\/ -->\n<title>POL\u00cdTICA DE COOKIES - Transfer Tuscanyall Italy<\/title>\n<meta name=\"robots\" content=\"index, follow, max-snippet:-1, max-image-preview:large, max-video-preview:-1\" \/>\n<link rel=\"canonical\" href=\"https:\/\/transfer.tuscanyall.com\/es\/cookies-policy\/\" \/>\n<meta property=\"og:locale\" content=\"es_ES\" \/>\n<meta property=\"og:type\" content=\"article\" \/>\n<meta property=\"og:title\" content=\"POL\u00cdTICA DE COOKIES - Transfer Tuscanyall Italy\" \/>\n<meta property=\"og:description\" content=\"[vc_row][vc_column][vc_column_text] Informaci\u00f3n sobre el uso de cookies Qu\u00e9 son las Cookies? Las cookies son peque\u00f1as partes de texto (letras y\/o n\u00fameros) que permiten al servidor web almacenar informaci\u00f3n del cliente (navegador) para ser reutilizada durante la visita del sitio (cookies de sesi\u00f3n) o m\u00e1s tarde, incluso despu\u00e9s de varios d\u00edas (cookies persistentes). Las cookies son [...]\" \/>\n<meta property=\"og:url\" content=\"https:\/\/transfer.tuscanyall.com\/es\/cookies-policy\/\" \/>\n<meta property=\"og:site_name\" content=\"Transfer Tuscanyall Italy\" \/>\n<meta property=\"article:modified_time\" content=\"2023-02-24T13:23:22+00:00\" \/>\n<meta name=\"twitter:card\" content=\"summary_large_image\" \/>\n<meta name=\"twitter:label1\" content=\"Tiempo de lectura\" \/>\n\t<meta name=\"twitter:data1\" content=\"8 minutos\" \/>\n<script type=\"application\/ld+json\" class=\"yoast-schema-graph\">{\"@context\":\"https:\/\/schema.org\",\"@graph\":[{\"@type\":\"WebPage\",\"@id\":\"https:\/\/transfer.tuscanyall.com\/es\/cookies-policy\/\",\"url\":\"https:\/\/transfer.tuscanyall.com\/es\/cookies-policy\/\",\"name\":\"POL\u00cdTICA DE COOKIES - Transfer Tuscanyall Italy\",\"isPartOf\":{\"@id\":\"https:\/\/transfer.tuscanyall.com\/es\/#website\"},\"datePublished\":\"2023-01-19T15:25:27+00:00\",\"dateModified\":\"2023-02-24T13:23:22+00:00\",\"inLanguage\":\"es\",\"potentialAction\":[{\"@type\":\"ReadAction\",\"target\":[\"https:\/\/transfer.tuscanyall.com\/es\/cookies-policy\/\"]}]},{\"@type\":\"WebSite\",\"@id\":\"https:\/\/transfer.tuscanyall.com\/es\/#website\",\"url\":\"https:\/\/transfer.tuscanyall.com\/es\/\",\"name\":\"Transfer Tuscanyall Italy\",\"description\":\"Transfer from and to the most important italian cities\",\"potentialAction\":[{\"@type\":\"SearchAction\",\"target\":{\"@type\":\"EntryPoint\",\"urlTemplate\":\"https:\/\/transfer.tuscanyall.com\/es\/?s={search_term_string}\"},\"query-input\":{\"@type\":\"PropertyValueSpecification\",\"valueRequired\":true,\"valueName\":\"search_term_string\"}}],\"inLanguage\":\"es\"}]}<\/script>\n<!-- \/ Yoast SEO plugin. -->","yoast_head_json":{"title":"POL\u00cdTICA DE COOKIES - Transfer Tuscanyall Italy","robots":{"index":"index","follow":"follow","max-snippet":"max-snippet:-1","max-image-preview":"max-image-preview:large","max-video-preview":"max-video-preview:-1"},"canonical":"https:\/\/transfer.tuscanyall.com\/es\/cookies-policy\/","og_locale":"es_ES","og_type":"article","og_title":"POL\u00cdTICA DE COOKIES - Transfer Tuscanyall Italy","og_description":"[vc_row][vc_column][vc_column_text] Informaci\u00f3n sobre el uso de cookies Qu\u00e9 son las Cookies? Las cookies son peque\u00f1as partes de texto (letras y\/o n\u00fameros) que permiten al servidor web almacenar informaci\u00f3n del cliente (navegador) para ser reutilizada durante la visita del sitio (cookies de sesi\u00f3n) o m\u00e1s tarde, incluso despu\u00e9s de varios d\u00edas (cookies persistentes). Las cookies son [...]","og_url":"https:\/\/transfer.tuscanyall.com\/es\/cookies-policy\/","og_site_name":"Transfer Tuscanyall Italy","article_modified_time":"2023-02-24T13:23:22+00:00","twitter_card":"summary_large_image","twitter_misc":{"Tiempo de lectura":"8 minutos"},"schema":{"@context":"https:\/\/schema.org","@graph":[{"@type":"WebPage","@id":"https:\/\/transfer.tuscanyall.com\/es\/cookies-policy\/","url":"https:\/\/transfer.tuscanyall.com\/es\/cookies-policy\/","name":"POL\u00cdTICA DE COOKIES - Transfer Tuscanyall Italy","isPartOf":{"@id":"https:\/\/transfer.tuscanyall.com\/es\/#website"},"datePublished":"2023-01-19T15:25:27+00:00","dateModified":"2023-02-24T13:23:22+00:00","inLanguage":"es","potentialAction":[{"@type":"ReadAction","target":["https:\/\/transfer.tuscanyall.com\/es\/cookies-policy\/"]}]},{"@type":"WebSite","@id":"https:\/\/transfer.tuscanyall.com\/es\/#website","url":"https:\/\/transfer.tuscanyall.com\/es\/","name":"Transfer Tuscanyall Italy","description":"Transfer from and to the most important italian cities","potentialAction":[{"@type":"SearchAction","target":{"@type":"EntryPoint","urlTemplate":"https:\/\/transfer.tuscanyall.com\/es\/?s={search_term_string}"},"query-input":{"@type":"PropertyValueSpecification","valueRequired":true,"valueName":"search_term_string"}}],"inLanguage":"es"}]}},"jetpack_sharing_enabled":true,"_links":{"self":[{"href":"https:\/\/transfer.tuscanyall.com\/es\/wp-json\/wp\/v2\/pages\/12500","targetHints":{"allow":["GET"]}}],"collection":[{"href":"https:\/\/transfer.tuscanyall.com\/es\/wp-json\/wp\/v2\/pages"}],"about":[{"href":"https:\/\/transfer.tuscanyall.com\/es\/wp-json\/wp\/v2\/types\/page"}],"author":[{"embeddable":true,"href":"https:\/\/transfer.tuscanyall.com\/es\/wp-json\/wp\/v2\/users\/1"}],"replies":[{"embeddable":true,"href":"https:\/\/transfer.tuscanyall.com\/es\/wp-json\/wp\/v2\/comments?post=12500"}],"version-history":[{"count":1,"href":"https:\/\/transfer.tuscanyall.com\/es\/wp-json\/wp\/v2\/pages\/12500\/revisions"}],"predecessor-version":[{"id":12503,"href":"https:\/\/transfer.tuscanyall.com\/es\/wp-json\/wp\/v2\/pages\/12500\/revisions\/12503"}],"wp:attachment":[{"href":"https:\/\/transfer.tuscanyall.com\/es\/wp-json\/wp\/v2\/media?parent=12500"}],"curies":[{"name":"wp","href":"https:\/\/api.w.org\/{rel}","templated":true}]}}