{"id":14845,"date":"2023-06-13T14:48:37","date_gmt":"2023-06-13T12:48:37","guid":{"rendered":"https:\/\/transfer.tuscanyall.com\/?page_id=14845"},"modified":"2023-11-07T16:20:25","modified_gmt":"2023-11-07T14:20:25","slug":"traslado-bolonia","status":"publish","type":"page","link":"https:\/\/transfer.tuscanyall.com\/es\/destinos\/traslado-bolonia\/","title":{"rendered":"Traslado en Bolonia"},"content":{"rendered":"<div class=\"wpb-content-wrapper\"><p>[vc_row][vc_column width=\u00bb1\/3&#8243;][vc_single_image image=\u00bb14854&#8243; img_size=\u00bbfull\u00bb][\/vc_column][vc_column width=\u00bb2\/3&#8243;]\r\n            <p class=\"theme-component-paragraph-large theme-component-paragraph-large-style-2 alignleft theme-padding-top-0 theme-padding-bottom-0\">\r\n                Servicio de traslado en Bolonia\r\n            <\/p>\r\n        [vc_column_text el_class=\u00bbtheme-padding-top-30&#8243;]Bolonia, vibrante ciudad del norte de <a href=\"https:\/\/www.italy-museum.com\/es\/\">Italia<\/a>, es famosa por su rica historia, su patrimonio cultural y sus delicias culinarias. El centro hist\u00f3rico de la ciudad exhibe una magn\u00edfica arquitectura, incluidas las emblem\u00e1ticas Dos Torres, Asinelli y Garisenda. La Piazza Maggiore, una bulliciosa plaza, est\u00e1 adornada con impresionantes monumentos como la Bas\u00edlica di San Petronio y el Palazzo d&#8217;Accursio. Bolonia tambi\u00e9n alberga una de las universidades m\u00e1s antiguas del mundo, la Universidad de Bolonia, con sus hist\u00f3ricas aulas y el Teatro Anat\u00f3mico. Los amantes de la gastronom\u00eda acuden a Bolonia por su renombrada cocina, como la famosa salsa bolo\u00f1esa y delicias tradicionales como los tortellini y la mortadela. Bolonia cautiva por su encanto, su historia y sus delicias gastron\u00f3micas.[\/vc_column_text][\/vc_column][\/vc_row][vc_row el_class=\u00bbtheme-margin-top-20&#8243;][vc_column width=\u00bb2\/3&#8243;]\r\n            <p class=\"theme-component-paragraph-large theme-component-paragraph-large-style-2 alignleft theme-padding-top-0 theme-padding-bottom-0\">\r\n                Traslado desde y hacia la ciudad de Bolonia\r\n            <\/p>\r\n        [vc_column_text el_class=\u00bbtheme-padding-top-30&#8243;]Ofrecemos traslados desde y hacia la ciudad de Bari, Brindisi, Lecce, Aeropuerto Internacional de Bari, Aeropuerto de Brindisi, Puerto de Bari, Puerto de Brindisi. Todos los servicios se realizan en auto privado, minivan o autocar con conductor privado. Todos los veh\u00edculos est\u00e1n equipados con todas las comodidades y tienen los permisos necesarios para entrar en las zonas urbanas y tambi\u00e9n en las zonas con tr\u00e1fico limitado. Nuestro servicio de traslados est\u00e1 disponible 24 horas al d\u00eda, 7 d\u00edas a la semana. Podr\u00e1s llegar a tus destinos c\u00f3modamente, desde tu hotel, aeropuerto o puerto sin problema. Gracias a la experiencia de nuestros conductores, la mejor cortes\u00eda y puntualidad est\u00e1n siempre garantizadas.[\/vc_column_text][\/vc_column][vc_column width=\u00bb1\/3&#8243;][vc_single_image image=\u00bb12330&#8243; img_size=\u00bbfull\u00bb alignment=\u00bbright\u00bb][\/vc_column][\/vc_row][vc_row][vc_column el_class=\u00bbtheme-margin-bottom-0&#8243;]\r\n            <div class=\"theme-component-button theme-component-button-style-1 aligncenter\">\r\n                <a href=\"https:\/\/transfer.tuscanyall.com\/es\/destinos\/traslado-bolonia\/reservaciones\/\" target=\"_self\">\r\n                    RESERVA AQU\u00cd TU TRASLADO EN BOLONIA\r\n                <\/a>\r\n            <\/div>\r\n        [vc_empty_space height=\u00bb40px\u00bb][\/vc_column][\/vc_row][vc_row el_class=\u00bbtheme-column-style-6 theme-padding-bottom-0&#8243;][vc_column width=\u00bb1\/2&#8243; el_class=\u00bbtheme-margin-bottom-20&#8243;]<div class=\"theme-component-list theme-component-list-style-2\">\n<ul>\n<li>Conductores profesionales<\/li>\n<li>Servicio completo de transporte 24\/7<\/li>\n<li>La selecci\u00f3n perfecta de veh\u00edculos para cualquier ocasi\u00f3n.<\/li>\n<\/ul>\n<\/div>[\/vc_column][vc_column width=\u00bb1\/2&#8243; el_class=\u00bbtheme-margin-bottom-20&#8243;]<div class=\"theme-component-list theme-component-list-style-2\">\n<ul>\n<li>Una experiencia plenamente satisfactoria<\/li>\n<li>Transporte terrestre en la zona<\/li>\n<li>Nuestro objetivo es hacer que tus viajes sean seguros, sin esfuerzo y dentro del horario previsto<\/li>\n<\/ul>\n<\/div>[\/vc_column][\/vc_row][vc_row][vc_column el_class=\u00bbtheme-margin-bottom-0&#8243;][vc_empty_space][vc_custom_heading text=\u00bbPara pedidos especiales, haz clic aqu\u00ed\u00bb font_container=\u00bbtag:h2|text_align:center\u00bb use_theme_fonts=\u00bbyes\u00bb link=\u00bburl:https%3A%2F%2Ftransfer.tuscanyall.com%2Fes%2Fcontactos%2F\u00bb][vc_empty_space][\/vc_column][\/vc_row][vc_row][vc_column el_class=\u00bbtheme-margin-bottom-0&#8243;]\n            <div class=\"theme-component-feature theme-component-feature-style-1\">\n                [vc_row_inner][vc_column_inner width=\u00bb1\/3&#8243;]\r\n            <div class=\"theme-component-feature-item\">\r\n                <span class=\"theme-icon-feature-check theme-component-feature-item-icon\"><span><\/span><\/span>\r\n                <h4 class=\"theme-component-feature-item-header\">La seguridad ante todo<\/h4><p>Personal con experiencia y conductores formados profesionalmente.<\/p>\n\r\n            <\/div>\r\n        [\/vc_column_inner][vc_column_inner width=\u00bb1\/3&#8243;]\r\n            <div class=\"theme-component-feature-item\">\r\n                <span class=\"theme-icon-feature-price theme-component-feature-item-icon\"><span><\/span><\/span>\r\n                <h4 class=\"theme-component-feature-item-header\">Precios razonables<\/h4><p>Podemos ofrecerte el veh\u00edculo adecuado al precio que se ajuste a tu presupuesto.<\/p>\n\r\n            <\/div>\r\n        [\/vc_column_inner][vc_column_inner width=\u00bb1\/3&#8243;]\r\n            <div class=\"theme-component-feature-item\">\r\n                <span class=\"theme-icon-feature-route-1 theme-component-feature-item-icon\"><span><\/span><\/span>\r\n                <h4 class=\"theme-component-feature-item-header\">La mayor flota<\/h4><p>Ofrecemos una amplia flota de veh\u00edculos para todas tus necesidades.<\/p>\n\r\n            <\/div>\r\n        [\/vc_column_inner][\/vc_row_inner]\n            <\/div>\n        [\/vc_column][\/vc_row]<\/p>\n<\/div>","protected":false},"excerpt":{"rendered":"<p>[vc_row][vc_column width=\u00bb1\/3&#8243;][vc_single_image image=\u00bb14854&#8243; img_size=\u00bbfull\u00bb][\/vc_column][vc_column width=\u00bb2\/3&#8243;][vc_column_text el_class=\u00bbtheme-padding-top-30&#8243;]Bolonia, vibrante ciudad del norte de Italia, es famosa por su rica historia, su patrimonio cultural y sus delicias culinarias. El centro hist\u00f3rico de la ciudad exhibe una magn\u00edfica arquitectura, incluidas las emblem\u00e1ticas Dos Torres, Asinelli y Garisenda. La Piazza Maggiore, una bulliciosa plaza, est\u00e1 adornada con impresionantes monumentos como [&#8230;]<\/p>\n","protected":false},"author":2,"featured_media":0,"parent":12533,"menu_order":0,"comment_status":"closed","ping_status":"closed","template":"","meta":{"footnotes":""},"class_list":["post-14845","page","type-page","status-publish","hentry"],"yoast_head":"<!-- This site is optimized with the Yoast SEO plugin v26.4 - https:\/\/yoast.com\/wordpress\/plugins\/seo\/ -->\n<title>Traslado en Bolonia - Transfer Tuscanyall Italy<\/title>\n<meta name=\"description\" content=\"Traslado en Bolonia: traslados desde y hacia Bolonia, todos los servicios se realizan en auto privado o minivan con conductor.\" \/>\n<meta name=\"robots\" content=\"index, follow, max-snippet:-1, max-image-preview:large, max-video-preview:-1\" \/>\n<link rel=\"canonical\" href=\"https:\/\/transfer.tuscanyall.com\/es\/destinos\/traslado-bolonia\/\" \/>\n<meta property=\"og:locale\" content=\"es_ES\" \/>\n<meta property=\"og:type\" content=\"article\" \/>\n<meta property=\"og:title\" content=\"Traslado en Bolonia - Transfer Tuscanyall Italy\" \/>\n<meta property=\"og:description\" content=\"Traslado en Bolonia: traslados desde y hacia Bolonia, todos los servicios se realizan en auto privado o minivan con conductor.\" \/>\n<meta property=\"og:url\" content=\"https:\/\/transfer.tuscanyall.com\/es\/destinos\/traslado-bolonia\/\" \/>\n<meta property=\"og:site_name\" content=\"Transfer Tuscanyall Italy\" \/>\n<meta property=\"article:modified_time\" content=\"2023-11-07T14:20:25+00:00\" \/>\n<meta name=\"twitter:card\" content=\"summary_large_image\" \/>\n<meta name=\"twitter:label1\" content=\"Tiempo de lectura\" \/>\n\t<meta name=\"twitter:data1\" content=\"2 minutos\" \/>\n<script type=\"application\/ld+json\" class=\"yoast-schema-graph\">{\"@context\":\"https:\/\/schema.org\",\"@graph\":[{\"@type\":\"WebPage\",\"@id\":\"https:\/\/transfer.tuscanyall.com\/es\/destinos\/traslado-bolonia\/\",\"url\":\"https:\/\/transfer.tuscanyall.com\/es\/destinos\/traslado-bolonia\/\",\"name\":\"Traslado en Bolonia - Transfer Tuscanyall Italy\",\"isPartOf\":{\"@id\":\"https:\/\/transfer.tuscanyall.com\/es\/#website\"},\"datePublished\":\"2023-06-13T12:48:37+00:00\",\"dateModified\":\"2023-11-07T14:20:25+00:00\",\"description\":\"Traslado en Bolonia: traslados desde y hacia Bolonia, todos los servicios se realizan en auto privado o minivan con conductor.\",\"breadcrumb\":{\"@id\":\"https:\/\/transfer.tuscanyall.com\/es\/destinos\/traslado-bolonia\/#breadcrumb\"},\"inLanguage\":\"es\",\"potentialAction\":[{\"@type\":\"ReadAction\",\"target\":[\"https:\/\/transfer.tuscanyall.com\/es\/destinos\/traslado-bolonia\/\"]}]},{\"@type\":\"BreadcrumbList\",\"@id\":\"https:\/\/transfer.tuscanyall.com\/es\/destinos\/traslado-bolonia\/#breadcrumb\",\"itemListElement\":[{\"@type\":\"ListItem\",\"position\":1,\"name\":\"DESTINOS\",\"item\":\"https:\/\/transfer.tuscanyall.com\/es\/destinos\/\"},{\"@type\":\"ListItem\",\"position\":2,\"name\":\"Traslado en Bolonia\"}]},{\"@type\":\"WebSite\",\"@id\":\"https:\/\/transfer.tuscanyall.com\/es\/#website\",\"url\":\"https:\/\/transfer.tuscanyall.com\/es\/\",\"name\":\"Transfer Tuscanyall Italy\",\"description\":\"Transfer from and to the most important italian cities\",\"potentialAction\":[{\"@type\":\"SearchAction\",\"target\":{\"@type\":\"EntryPoint\",\"urlTemplate\":\"https:\/\/transfer.tuscanyall.com\/es\/?s={search_term_string}\"},\"query-input\":{\"@type\":\"PropertyValueSpecification\",\"valueRequired\":true,\"valueName\":\"search_term_string\"}}],\"inLanguage\":\"es\"}]}<\/script>\n<!-- \/ Yoast SEO plugin. -->","yoast_head_json":{"title":"Traslado en Bolonia - Transfer Tuscanyall Italy","description":"Traslado en Bolonia: traslados desde y hacia Bolonia, todos los servicios se realizan en auto privado o minivan con conductor.","robots":{"index":"index","follow":"follow","max-snippet":"max-snippet:-1","max-image-preview":"max-image-preview:large","max-video-preview":"max-video-preview:-1"},"canonical":"https:\/\/transfer.tuscanyall.com\/es\/destinos\/traslado-bolonia\/","og_locale":"es_ES","og_type":"article","og_title":"Traslado en Bolonia - Transfer Tuscanyall Italy","og_description":"Traslado en Bolonia: traslados desde y hacia Bolonia, todos los servicios se realizan en auto privado o minivan con conductor.","og_url":"https:\/\/transfer.tuscanyall.com\/es\/destinos\/traslado-bolonia\/","og_site_name":"Transfer Tuscanyall Italy","article_modified_time":"2023-11-07T14:20:25+00:00","twitter_card":"summary_large_image","twitter_misc":{"Tiempo de lectura":"2 minutos"},"schema":{"@context":"https:\/\/schema.org","@graph":[{"@type":"WebPage","@id":"https:\/\/transfer.tuscanyall.com\/es\/destinos\/traslado-bolonia\/","url":"https:\/\/transfer.tuscanyall.com\/es\/destinos\/traslado-bolonia\/","name":"Traslado en Bolonia - Transfer Tuscanyall Italy","isPartOf":{"@id":"https:\/\/transfer.tuscanyall.com\/es\/#website"},"datePublished":"2023-06-13T12:48:37+00:00","dateModified":"2023-11-07T14:20:25+00:00","description":"Traslado en Bolonia: traslados desde y hacia Bolonia, todos los servicios se realizan en auto privado o minivan con conductor.","breadcrumb":{"@id":"https:\/\/transfer.tuscanyall.com\/es\/destinos\/traslado-bolonia\/#breadcrumb"},"inLanguage":"es","potentialAction":[{"@type":"ReadAction","target":["https:\/\/transfer.tuscanyall.com\/es\/destinos\/traslado-bolonia\/"]}]},{"@type":"BreadcrumbList","@id":"https:\/\/transfer.tuscanyall.com\/es\/destinos\/traslado-bolonia\/#breadcrumb","itemListElement":[{"@type":"ListItem","position":1,"name":"DESTINOS","item":"https:\/\/transfer.tuscanyall.com\/es\/destinos\/"},{"@type":"ListItem","position":2,"name":"Traslado en Bolonia"}]},{"@type":"WebSite","@id":"https:\/\/transfer.tuscanyall.com\/es\/#website","url":"https:\/\/transfer.tuscanyall.com\/es\/","name":"Transfer Tuscanyall Italy","description":"Transfer from and to the most important italian cities","potentialAction":[{"@type":"SearchAction","target":{"@type":"EntryPoint","urlTemplate":"https:\/\/transfer.tuscanyall.com\/es\/?s={search_term_string}"},"query-input":{"@type":"PropertyValueSpecification","valueRequired":true,"valueName":"search_term_string"}}],"inLanguage":"es"}]}},"jetpack_sharing_enabled":true,"_links":{"self":[{"href":"https:\/\/transfer.tuscanyall.com\/es\/wp-json\/wp\/v2\/pages\/14845","targetHints":{"allow":["GET"]}}],"collection":[{"href":"https:\/\/transfer.tuscanyall.com\/es\/wp-json\/wp\/v2\/pages"}],"about":[{"href":"https:\/\/transfer.tuscanyall.com\/es\/wp-json\/wp\/v2\/types\/page"}],"author":[{"embeddable":true,"href":"https:\/\/transfer.tuscanyall.com\/es\/wp-json\/wp\/v2\/users\/2"}],"replies":[{"embeddable":true,"href":"https:\/\/transfer.tuscanyall.com\/es\/wp-json\/wp\/v2\/comments?post=14845"}],"version-history":[{"count":2,"href":"https:\/\/transfer.tuscanyall.com\/es\/wp-json\/wp\/v2\/pages\/14845\/revisions"}],"predecessor-version":[{"id":14858,"href":"https:\/\/transfer.tuscanyall.com\/es\/wp-json\/wp\/v2\/pages\/14845\/revisions\/14858"}],"up":[{"embeddable":true,"href":"https:\/\/transfer.tuscanyall.com\/es\/wp-json\/wp\/v2\/pages\/12533"}],"wp:attachment":[{"href":"https:\/\/transfer.tuscanyall.com\/es\/wp-json\/wp\/v2\/media?parent=14845"}],"curies":[{"name":"wp","href":"https:\/\/api.w.org\/{rel}","templated":true}]}}