{"id":14514,"date":"2023-06-08T15:53:51","date_gmt":"2023-06-08T13:53:51","guid":{"rendered":"https:\/\/transfer.tuscanyall.com\/?page_id=14514"},"modified":"2023-11-07T18:04:06","modified_gmt":"2023-11-07T16:04:06","slug":"transfer-venezia","status":"publish","type":"page","link":"https:\/\/transfer.tuscanyall.com\/it\/destinazioni\/transfer-venezia\/","title":{"rendered":"Transfer a Venezia"},"content":{"rendered":"<div class=\"wpb-content-wrapper\"><p>[vc_row][vc_column width=&#8221;1\/3&#8243;][vc_single_image image=&#8221;14521&#8243; img_size=&#8221;full&#8221;][\/vc_column][vc_column width=&#8221;2\/3&#8243;]\r\n            <p class=\"theme-component-paragraph-large theme-component-paragraph-large-style-2 alignleft theme-padding-top-0 theme-padding-bottom-0\">\r\n                Servizio di Transfer a Venezia\r\n            <\/p>\r\n        [vc_column_text el_class=&#8221;theme-padding-top-30&#8243;]<a href=\"https:\/\/www.italy-museum.com\/it\/venezia\">Venezia<\/a>, la citt\u00e0 della laguna, l&#8217;incantevole citt\u00e0 dell&#8217;Italia nord-orientale, \u00e8 un capolavoro di bellezza e romanticismo. Costruita su una serie di isole, i suoi canali sostituiscono le strade e le gondole scivolano sotto ponti pittoreschi. L&#8217;iconica Piazza San Marco ospita la Basilica di San Marco, uno splendido esempio di architettura bizantina, mentre il Palazzo Ducale sorge nelle vicinanze a testimonianza della passata grandezza della citt\u00e0. Esplorando le strette calli e i campi nascosti si scoprono gemme nascoste come il Ponte di Rialto, il vivace Mercato di Rialto e le squisite collezioni d&#8217;arte delle Gallerie dell&#8217;Accademia. Il fascino di Venezia \u00e8 completato dal suo Carnevale annuale, che attira i visitatori con le sue maschere e i suoi costumi elaborati.[\/vc_column_text][\/vc_column][\/vc_row][vc_row el_class=&#8221;theme-margin-top-20&#8243;][vc_column width=&#8221;2\/3&#8243;]\r\n            <p class=\"theme-component-paragraph-large theme-component-paragraph-large-style-2 alignleft theme-padding-top-0 theme-padding-bottom-0\">\r\n                Trasferimenti da e per la citt\u00e0 di Venezia\r\n            <\/p>\r\n        [vc_column_text el_class=&#8221;theme-padding-top-30&#8243;]Offriamo trasferimenti da e per la citt\u00e0 di Venezia, Aeroporto Marco Polo (Venezia- Mestre), Aeroporto Antonio Canova (Treviso), Porto di Venezia, stazioni ferroviarie di Mestre e Santa Lucia. Tutti i servizi sono effettuati con auto private, minivan o pullman con autista privato. Tutti i veicoli sono dotati di ogni comfort e hanno i permessi necessari per circolare nelle aree urbane e anche in quelle a traffico limitato. Il nostro servizio di trasferimento \u00e8 disponibile 24 ore al giorno, 7 giorni alla settimana. Potrete raggiungere le vostre destinazioni in tutta comodit\u00e0, dal vostro hotel, aeroporto o porto. Grazie all\u2019esperienza dei nostri autisti, la massima cortesia e puntualit\u00e0 sono sempre garantite.[\/vc_column_text][\/vc_column][vc_column width=&#8221;1\/3&#8243;][vc_single_image image=&#8221;13408&#8243; img_size=&#8221;full&#8221; alignment=&#8221;right&#8221;][\/vc_column][\/vc_row][vc_row][vc_column el_class=&#8221;theme-margin-bottom-0&#8243;]\r\n            <div class=\"theme-component-button theme-component-button-style-1 aligncenter\">\r\n                <a href=\"https:\/\/transfer.tuscanyall.com\/it\/destinazioni\/transfer-venezia\/prenotazioni\/\" target=\"_self\">\r\n                    PRENOTA QUI IL TUO TRANSFER A VENEZIA\r\n                <\/a>\r\n            <\/div>\r\n        [vc_empty_space height=&#8221;40px&#8221;][\/vc_column][\/vc_row][vc_row el_class=&#8221;theme-column-style-6 theme-padding-bottom-0&#8243;][vc_column width=&#8221;1\/2&#8243; el_class=&#8221;theme-margin-bottom-20&#8243;]<div class=\"theme-component-list theme-component-list-style-2\">\n<ul>\n<li>Autisti professionisti<\/li>\n<li>Servizio di trasporto completo 24 ore su 24, 7 giorni su 7<\/li>\n<li>La perfetta selezione di veicoli per ogni occasione.<\/li>\n<\/ul>\n<\/div>[\/vc_column][vc_column width=&#8221;1\/2&#8243; el_class=&#8221;theme-margin-bottom-20&#8243;]<div class=\"theme-component-list theme-component-list-style-2\">\n<ul>\n<li>Un\u2019esperienza pienamente soddisfacente<\/li>\n<li>Trasporto via terra nella zona<\/li>\n<li>Il nostro obiettivo \u00e8 quello di rendere i vostri viaggi sicuri, agevoli e puntuali.<\/li>\n<\/ul>\n<\/div>[\/vc_column][\/vc_row][vc_row][vc_column el_class=&#8221;theme-margin-bottom-0&#8243;][vc_empty_space][vc_custom_heading text=&#8221;Per richieste speciali clicca qui&#8221; font_container=&#8221;tag:h2|text_align:center&#8221; use_theme_fonts=&#8221;yes&#8221; link=&#8221;url:https%3A%2F%2Ftransfer.tuscanyall.com%2Fit%2Fcontatti%2F&#8221;][vc_empty_space][\/vc_column][\/vc_row][vc_row][vc_column el_class=&#8221;theme-margin-bottom-0&#8243;]\n            <div class=\"theme-component-feature theme-component-feature-style-1\">\n                [vc_row_inner][vc_column_inner width=&#8221;1\/3&#8243;]\r\n            <div class=\"theme-component-feature-item\">\r\n                <span class=\"theme-icon-feature-check theme-component-feature-item-icon\"><span><\/span><\/span>\r\n                <h4 class=\"theme-component-feature-item-header\">La sicurezza innanzitutto<\/h4><p>Personale esperto e autisti professionisti.<\/p>\n\r\n            <\/div>\r\n        [\/vc_column_inner][vc_column_inner width=&#8221;1\/3&#8243;]\r\n            <div class=\"theme-component-feature-item\">\r\n                <span class=\"theme-icon-feature-price theme-component-feature-item-icon\"><span><\/span><\/span>\r\n                <h4 class=\"theme-component-feature-item-header\">Prezzi vantaggiosi<\/h4><p>Possiamo offrirvi il veicolo giusto al prezzo giusto per il vostro budget.<\/p>\n\r\n            <\/div>\r\n        [\/vc_column_inner][vc_column_inner width=&#8221;1\/3&#8243;]\r\n            <div class=\"theme-component-feature-item\">\r\n                <span class=\"theme-icon-feature-route-1 theme-component-feature-item-icon\"><span><\/span><\/span>\r\n                <h4 class=\"theme-component-feature-item-header\">Flotta pi\u00f9 numerosa<\/h4><p>Offriamo una vasta flotta di veicoli per tutte le vostre esigenze.<\/p>\n\r\n            <\/div>\r\n        [\/vc_column_inner][\/vc_row_inner]\n            <\/div>\n        [\/vc_column][\/vc_row]<\/p>\n<\/div>","protected":false},"excerpt":{"rendered":"<p>[vc_row][vc_column width=&#8221;1\/3&#8243;][vc_single_image image=&#8221;14521&#8243; img_size=&#8221;full&#8221;][\/vc_column][vc_column width=&#8221;2\/3&#8243;][vc_column_text el_class=&#8221;theme-padding-top-30&#8243;]Venezia, la citt\u00e0 della laguna, l&#8217;incantevole citt\u00e0 dell&#8217;Italia nord-orientale, \u00e8 un capolavoro di bellezza e romanticismo. Costruita su una serie di isole, i suoi canali sostituiscono le strade e le gondole scivolano sotto ponti pittoreschi. L&#8217;iconica Piazza San Marco ospita la Basilica di San Marco, uno splendido esempio di architettura [&#8230;]<\/p>\n","protected":false},"author":2,"featured_media":0,"parent":12534,"menu_order":0,"comment_status":"closed","ping_status":"closed","template":"","meta":{"footnotes":""},"class_list":["post-14514","page","type-page","status-publish","hentry"],"yoast_head":"<!-- This site is optimized with the Yoast SEO plugin v26.4 - https:\/\/yoast.com\/wordpress\/plugins\/seo\/ -->\n<title>Transfer a Venezia - Transfer Tuscanyall Italy<\/title>\n<meta name=\"description\" content=\"Transfer a Venezia: trasferimenti da e per la citt\u00e0 di Venezia, tutti i servizi sono effettuati con auto privata o minivan con autista.\" \/>\n<meta name=\"robots\" content=\"index, follow, max-snippet:-1, max-image-preview:large, max-video-preview:-1\" \/>\n<link rel=\"canonical\" href=\"https:\/\/transfer.tuscanyall.com\/it\/destinazioni\/transfer-venezia\/\" \/>\n<meta property=\"og:locale\" content=\"it_IT\" \/>\n<meta property=\"og:type\" content=\"article\" \/>\n<meta property=\"og:title\" content=\"Transfer a Venezia - Transfer Tuscanyall Italy\" \/>\n<meta property=\"og:description\" content=\"Transfer a Venezia: trasferimenti da e per la citt\u00e0 di Venezia, tutti i servizi sono effettuati con auto privata o minivan con autista.\" \/>\n<meta property=\"og:url\" content=\"https:\/\/transfer.tuscanyall.com\/it\/destinazioni\/transfer-venezia\/\" \/>\n<meta property=\"og:site_name\" content=\"Transfer Tuscanyall Italy\" \/>\n<meta property=\"article:modified_time\" content=\"2023-11-07T16:04:06+00:00\" \/>\n<meta name=\"twitter:card\" content=\"summary_large_image\" \/>\n<meta name=\"twitter:label1\" content=\"Tempo di lettura stimato\" \/>\n\t<meta name=\"twitter:data1\" content=\"2 minuti\" \/>\n<script type=\"application\/ld+json\" class=\"yoast-schema-graph\">{\"@context\":\"https:\/\/schema.org\",\"@graph\":[{\"@type\":\"WebPage\",\"@id\":\"https:\/\/transfer.tuscanyall.com\/it\/destinazioni\/transfer-venezia\/\",\"url\":\"https:\/\/transfer.tuscanyall.com\/it\/destinazioni\/transfer-venezia\/\",\"name\":\"Transfer a Venezia - Transfer Tuscanyall Italy\",\"isPartOf\":{\"@id\":\"https:\/\/transfer.tuscanyall.com\/it\/#website\"},\"datePublished\":\"2023-06-08T13:53:51+00:00\",\"dateModified\":\"2023-11-07T16:04:06+00:00\",\"description\":\"Transfer a Venezia: trasferimenti da e per la citt\u00e0 di Venezia, tutti i servizi sono effettuati con auto privata o minivan con autista.\",\"breadcrumb\":{\"@id\":\"https:\/\/transfer.tuscanyall.com\/it\/destinazioni\/transfer-venezia\/#breadcrumb\"},\"inLanguage\":\"it-IT\",\"potentialAction\":[{\"@type\":\"ReadAction\",\"target\":[\"https:\/\/transfer.tuscanyall.com\/it\/destinazioni\/transfer-venezia\/\"]}]},{\"@type\":\"BreadcrumbList\",\"@id\":\"https:\/\/transfer.tuscanyall.com\/it\/destinazioni\/transfer-venezia\/#breadcrumb\",\"itemListElement\":[{\"@type\":\"ListItem\",\"position\":1,\"name\":\"DESTINAZIONI\",\"item\":\"https:\/\/transfer.tuscanyall.com\/it\/destinazioni\/\"},{\"@type\":\"ListItem\",\"position\":2,\"name\":\"Transfer a Venezia\"}]},{\"@type\":\"WebSite\",\"@id\":\"https:\/\/transfer.tuscanyall.com\/it\/#website\",\"url\":\"https:\/\/transfer.tuscanyall.com\/it\/\",\"name\":\"Transfer Tuscanyall Italy\",\"description\":\"Transfer from and to the most important italian cities\",\"potentialAction\":[{\"@type\":\"SearchAction\",\"target\":{\"@type\":\"EntryPoint\",\"urlTemplate\":\"https:\/\/transfer.tuscanyall.com\/it\/?s={search_term_string}\"},\"query-input\":{\"@type\":\"PropertyValueSpecification\",\"valueRequired\":true,\"valueName\":\"search_term_string\"}}],\"inLanguage\":\"it-IT\"}]}<\/script>\n<!-- \/ Yoast SEO plugin. -->","yoast_head_json":{"title":"Transfer a Venezia - Transfer Tuscanyall Italy","description":"Transfer a Venezia: trasferimenti da e per la citt\u00e0 di Venezia, tutti i servizi sono effettuati con auto privata o minivan con autista.","robots":{"index":"index","follow":"follow","max-snippet":"max-snippet:-1","max-image-preview":"max-image-preview:large","max-video-preview":"max-video-preview:-1"},"canonical":"https:\/\/transfer.tuscanyall.com\/it\/destinazioni\/transfer-venezia\/","og_locale":"it_IT","og_type":"article","og_title":"Transfer a Venezia - Transfer Tuscanyall Italy","og_description":"Transfer a Venezia: trasferimenti da e per la citt\u00e0 di Venezia, tutti i servizi sono effettuati con auto privata o minivan con autista.","og_url":"https:\/\/transfer.tuscanyall.com\/it\/destinazioni\/transfer-venezia\/","og_site_name":"Transfer Tuscanyall Italy","article_modified_time":"2023-11-07T16:04:06+00:00","twitter_card":"summary_large_image","twitter_misc":{"Tempo di lettura stimato":"2 minuti"},"schema":{"@context":"https:\/\/schema.org","@graph":[{"@type":"WebPage","@id":"https:\/\/transfer.tuscanyall.com\/it\/destinazioni\/transfer-venezia\/","url":"https:\/\/transfer.tuscanyall.com\/it\/destinazioni\/transfer-venezia\/","name":"Transfer a Venezia - Transfer Tuscanyall Italy","isPartOf":{"@id":"https:\/\/transfer.tuscanyall.com\/it\/#website"},"datePublished":"2023-06-08T13:53:51+00:00","dateModified":"2023-11-07T16:04:06+00:00","description":"Transfer a Venezia: trasferimenti da e per la citt\u00e0 di Venezia, tutti i servizi sono effettuati con auto privata o minivan con autista.","breadcrumb":{"@id":"https:\/\/transfer.tuscanyall.com\/it\/destinazioni\/transfer-venezia\/#breadcrumb"},"inLanguage":"it-IT","potentialAction":[{"@type":"ReadAction","target":["https:\/\/transfer.tuscanyall.com\/it\/destinazioni\/transfer-venezia\/"]}]},{"@type":"BreadcrumbList","@id":"https:\/\/transfer.tuscanyall.com\/it\/destinazioni\/transfer-venezia\/#breadcrumb","itemListElement":[{"@type":"ListItem","position":1,"name":"DESTINAZIONI","item":"https:\/\/transfer.tuscanyall.com\/it\/destinazioni\/"},{"@type":"ListItem","position":2,"name":"Transfer a Venezia"}]},{"@type":"WebSite","@id":"https:\/\/transfer.tuscanyall.com\/it\/#website","url":"https:\/\/transfer.tuscanyall.com\/it\/","name":"Transfer Tuscanyall Italy","description":"Transfer from and to the most important italian cities","potentialAction":[{"@type":"SearchAction","target":{"@type":"EntryPoint","urlTemplate":"https:\/\/transfer.tuscanyall.com\/it\/?s={search_term_string}"},"query-input":{"@type":"PropertyValueSpecification","valueRequired":true,"valueName":"search_term_string"}}],"inLanguage":"it-IT"}]}},"jetpack_sharing_enabled":true,"_links":{"self":[{"href":"https:\/\/transfer.tuscanyall.com\/it\/wp-json\/wp\/v2\/pages\/14514","targetHints":{"allow":["GET"]}}],"collection":[{"href":"https:\/\/transfer.tuscanyall.com\/it\/wp-json\/wp\/v2\/pages"}],"about":[{"href":"https:\/\/transfer.tuscanyall.com\/it\/wp-json\/wp\/v2\/types\/page"}],"author":[{"embeddable":true,"href":"https:\/\/transfer.tuscanyall.com\/it\/wp-json\/wp\/v2\/users\/2"}],"replies":[{"embeddable":true,"href":"https:\/\/transfer.tuscanyall.com\/it\/wp-json\/wp\/v2\/comments?post=14514"}],"version-history":[{"count":7,"href":"https:\/\/transfer.tuscanyall.com\/it\/wp-json\/wp\/v2\/pages\/14514\/revisions"}],"predecessor-version":[{"id":14701,"href":"https:\/\/transfer.tuscanyall.com\/it\/wp-json\/wp\/v2\/pages\/14514\/revisions\/14701"}],"up":[{"embeddable":true,"href":"https:\/\/transfer.tuscanyall.com\/it\/wp-json\/wp\/v2\/pages\/12534"}],"wp:attachment":[{"href":"https:\/\/transfer.tuscanyall.com\/it\/wp-json\/wp\/v2\/media?parent=14514"}],"curies":[{"name":"wp","href":"https:\/\/api.w.org\/{rel}","templated":true}]}}